{"id":61,"date":"2017-11-07T18:19:41","date_gmt":"2017-11-07T18:19:41","guid":{"rendered":"http:\/\/rcszo.ch\/wordpress\/?page_id=61"},"modified":"2022-12-21T13:01:31","modified_gmt":"2022-12-21T13:01:31","slug":"mitgliedschaft","status":"publish","type":"page","link":"http:\/\/rcszo.ch\/wordpress\/gruppe\/mitgliedschaft\/","title":{"rendered":"Mitgliedschaft"},"content":{"rendered":"<div class=\"entry-content\">\n<p>Grunds\u00e4tzlich kann jeder Aktivmitglied oder G\u00f6nner im RCSZO werden.<br \/>\n<a href=\"http:\/\/rcszo.ch\/wordpress\/gruppe\/statuten-rcszo-rc-sailing-zuerich-obersee\/\"><strong>Vereinsstatuten zum nachlesen<\/strong><\/a><\/p>\n<p>Jahresbeitr\u00e4ge:<br \/>\nAktiv Mitglied: 20.- CHF<br \/>\nJugendliche bis und mit 18. Lebensjahr: gratis<br \/>\nG\u00f6nner: mind. 10.- CHF oder nach eigenem ermessen.<\/p>\n<p>Als Mitglied bekommst Du Informationen \u00fcber den RCSZO, wirst \u00fcber Anl\u00e4sse und Regatten informiert.<br \/>\nZus\u00e4tzlich darf jedes Mitglied der RCSZO WhatsApp-Gruppe beitreten. Somit k\u00f6nnen kurzfristige Mitteilungen am Mobiltelefon leicht an alle Gruppenmitglieder versandt werden. (Wenn gew\u00fcnsch bitte unter Bemerkungen vermerken.)<\/p>\n<p>Du willst Mitglied werden, dann f\u00fclle das folgende Forumlar aus:<br \/>\nFelder mit * sind Pflicht.<\/p>\n<\/div>\n\n<div class=\"wpcf7 no-js\" id=\"wpcf7-f4897-o1\" lang=\"de-DE\" dir=\"ltr\" data-wpcf7-id=\"4897\">\n<div class=\"screen-reader-response\"><p role=\"status\" aria-live=\"polite\" aria-atomic=\"true\"><\/p> <ul><\/ul><\/div>\n<form action=\"\/wordpress\/wp-json\/wp\/v2\/pages\/61#wpcf7-f4897-o1\" method=\"post\" class=\"wpcf7-form init\" aria-label=\"Kontaktformular\" novalidate=\"novalidate\" data-status=\"init\">\n<fieldset class=\"hidden-fields-container\"><input type=\"hidden\" name=\"_wpcf7\" value=\"4897\" \/><input type=\"hidden\" name=\"_wpcf7_version\" value=\"6.1.5\" \/><input type=\"hidden\" name=\"_wpcf7_locale\" value=\"de_DE\" \/><input type=\"hidden\" name=\"_wpcf7_unit_tag\" value=\"wpcf7-f4897-o1\" \/><input type=\"hidden\" name=\"_wpcf7_container_post\" value=\"0\" \/><input type=\"hidden\" name=\"_wpcf7_posted_data_hash\" value=\"\" \/><input type=\"hidden\" name=\"_wpcf7_recaptcha_response\" value=\"\" \/>\n<\/fieldset>\n<table>\n\t<tr>\n\t\t<td>\n\t\t\t<p>Name*\n\t\t\t<\/p>\n\t\t<\/td>\n\t\t<td>\n\t\t\t<p><label> <span class=\"wpcf7-form-control-wrap\" data-name=\"nachname\"><input size=\"40\" maxlength=\"400\" class=\"wpcf7-form-control wpcf7-text wpcf7-validates-as-required\" aria-required=\"true\" aria-invalid=\"false\" value=\"\" type=\"text\" name=\"nachname\" \/><\/span><\/label>\n\t\t\t<\/p>\n\t\t<\/td>\n\t\t<td>\n\t\t\t<p>Vorname*\n\t\t\t<\/p>\n\t\t<\/td>\n\t\t<td>\n\t\t\t<p><label> <span class=\"wpcf7-form-control-wrap\" data-name=\"vorname\"><input size=\"40\" maxlength=\"400\" class=\"wpcf7-form-control wpcf7-text wpcf7-validates-as-required\" aria-required=\"true\" aria-invalid=\"false\" value=\"\" type=\"text\" name=\"vorname\" \/><\/span><\/label>\n\t\t\t<\/p>\n\t\t<\/td>\n\t<\/tr>\n\t<tr>\n\t\t<td>\n\t\t\t<p>Adresse*\n\t\t\t<\/p>\n\t\t<\/td>\n\t\t<td colspan=\"3\">\n\t\t\t<p><label> <span class=\"wpcf7-form-control-wrap\" data-name=\"adresse\"><input size=\"40\" maxlength=\"400\" class=\"wpcf7-form-control wpcf7-text wpcf7-validates-as-required\" aria-required=\"true\" aria-invalid=\"false\" value=\"\" type=\"text\" name=\"adresse\" \/><\/span><\/label>\n\t\t\t<\/p>\n\t\t<\/td>\n\t<\/tr>\n\t<tr>\n\t\t<td>\n\t\t\t<p>PLZ*\n\t\t\t<\/p>\n\t\t<\/td>\n\t\t<td>\n\t\t\t<p><label> <span class=\"wpcf7-form-control-wrap\" data-name=\"plz\"><input size=\"40\" maxlength=\"400\" class=\"wpcf7-form-control wpcf7-text wpcf7-validates-as-required\" aria-required=\"true\" aria-invalid=\"false\" value=\"\" type=\"text\" name=\"plz\" \/><\/span> <\/label>\n\t\t\t<\/p>\n\t\t<\/td>\n\t\t<td>\n\t\t\t<p>Ort*\n\t\t\t<\/p>\n\t\t<\/td>\n\t\t<td>\n\t\t\t<p><label> <span class=\"wpcf7-form-control-wrap\" data-name=\"ort\"><input size=\"40\" maxlength=\"400\" class=\"wpcf7-form-control wpcf7-text wpcf7-validates-as-required\" aria-required=\"true\" aria-invalid=\"false\" value=\"\" type=\"text\" name=\"ort\" \/><\/span> <\/label>\n\t\t\t<\/p>\n\t\t<\/td>\n\t<\/tr>\n\t<tr>\n\t\t<td>\n\t\t\t<p>Mailadresse*\n\t\t\t<\/p>\n\t\t<\/td>\n\t\t<td colspan=\"3\">\n\t\t\t<p><label> <span class=\"wpcf7-form-control-wrap\" data-name=\"mail\"><input size=\"40\" maxlength=\"400\" class=\"wpcf7-form-control wpcf7-email wpcf7-validates-as-required wpcf7-text wpcf7-validates-as-email\" aria-required=\"true\" aria-invalid=\"false\" value=\"\" type=\"email\" name=\"mail\" \/><\/span> <\/label>\n\t\t\t<\/p>\n\t\t<\/td>\n\t<\/tr>\n\t<tr>\n\t\t<td>\n\t\t\t<p>Bemerkungen\n\t\t\t<\/p>\n\t\t<\/td>\n\t\t<td colspan=\"3\">\n\t\t\t<p><label> <span class=\"wpcf7-form-control-wrap\" data-name=\"message\"><textarea cols=\"40\" rows=\"10\" maxlength=\"2000\" class=\"wpcf7-form-control wpcf7-textarea\" aria-invalid=\"false\" name=\"message\"><\/textarea><\/span> <\/label>\n\t\t\t<\/p>\n\t\t<\/td>\n\t<\/tr>\n<\/table>\n<p><input class=\"wpcf7-form-control wpcf7-submit has-spinner\" type=\"submit\" value=\"Senden\" \/>\n<\/p><div class=\"wpcf7-response-output\" aria-hidden=\"true\"><\/div>\n<\/form>\n<\/div>\n\n<p>&nbsp;<\/p>\n","protected":false},"excerpt":{"rendered":"<p>Grunds\u00e4tzlich kann jeder Aktivmitglied oder G\u00f6nner im RCSZO werden. Vereinsstatuten zum nachlesen Jahresbeitr\u00e4ge: Aktiv Mitglied: 20.- CHF Jugendliche bis und mit 18. Lebensjahr: gratis G\u00f6nner: mind. 10.- CHF oder nach eigenem ermessen. Als Mitglied bekommst\u2026 <a class=\"continue-reading-link\" href=\"http:\/\/rcszo.ch\/wordpress\/gruppe\/mitgliedschaft\/\">mehr &gt;&gt;<\/a><\/p>\n","protected":false},"author":2,"featured_media":0,"parent":42,"menu_order":1,"comment_status":"closed","ping_status":"closed","template":"","meta":{"ngg_post_thumbnail":0,"footnotes":""},"class_list":["post-61","page","type-page","status-publish","hentry"],"_links":{"self":[{"href":"http:\/\/rcszo.ch\/wordpress\/wp-json\/wp\/v2\/pages\/61","targetHints":{"allow":["GET"]}}],"collection":[{"href":"http:\/\/rcszo.ch\/wordpress\/wp-json\/wp\/v2\/pages"}],"about":[{"href":"http:\/\/rcszo.ch\/wordpress\/wp-json\/wp\/v2\/types\/page"}],"author":[{"embeddable":true,"href":"http:\/\/rcszo.ch\/wordpress\/wp-json\/wp\/v2\/users\/2"}],"replies":[{"embeddable":true,"href":"http:\/\/rcszo.ch\/wordpress\/wp-json\/wp\/v2\/comments?post=61"}],"version-history":[{"count":10,"href":"http:\/\/rcszo.ch\/wordpress\/wp-json\/wp\/v2\/pages\/61\/revisions"}],"predecessor-version":[{"id":4898,"href":"http:\/\/rcszo.ch\/wordpress\/wp-json\/wp\/v2\/pages\/61\/revisions\/4898"}],"up":[{"embeddable":true,"href":"http:\/\/rcszo.ch\/wordpress\/wp-json\/wp\/v2\/pages\/42"}],"wp:attachment":[{"href":"http:\/\/rcszo.ch\/wordpress\/wp-json\/wp\/v2\/media?parent=61"}],"curies":[{"name":"wp","href":"https:\/\/api.w.org\/{rel}","templated":true}]}}