{"id":5667,"date":"2024-12-24T14:40:34","date_gmt":"2024-12-24T14:40:34","guid":{"rendered":"http:\/\/rcszo.ch\/wordpress\/?page_id=5667"},"modified":"2026-03-15T13:52:02","modified_gmt":"2026-03-15T13:52:02","slug":"kapuzinerzipfel-regatta","status":"publish","type":"page","link":"http:\/\/rcszo.ch\/wordpress\/kapuzinerzipfel-regatta\/","title":{"rendered":"Kapuzinerzipfel &#8211; Regatta"},"content":{"rendered":"\n<figure class=\"wp-block-image size-full\"><img loading=\"lazy\" decoding=\"async\" width=\"1024\" height=\"302\" src=\"https:\/\/rcszo.ch\/wordpress\/wp-content\/uploads\/2026\/03\/beitragtitel-Kapuzinerzipfel-1024x400_ohne-Datum.jpg\" alt=\"\" class=\"wp-image-6461\" srcset=\"http:\/\/rcszo.ch\/wordpress\/wp-content\/uploads\/2026\/03\/beitragtitel-Kapuzinerzipfel-1024x400_ohne-Datum.jpg 1024w, http:\/\/rcszo.ch\/wordpress\/wp-content\/uploads\/2026\/03\/beitragtitel-Kapuzinerzipfel-1024x400_ohne-Datum-300x88.jpg 300w, http:\/\/rcszo.ch\/wordpress\/wp-content\/uploads\/2026\/03\/beitragtitel-Kapuzinerzipfel-1024x400_ohne-Datum-768x227.jpg 768w, http:\/\/rcszo.ch\/wordpress\/wp-content\/uploads\/2026\/03\/beitragtitel-Kapuzinerzipfel-1024x400_ohne-Datum-900x265.jpg 900w, http:\/\/rcszo.ch\/wordpress\/wp-content\/uploads\/2026\/03\/beitragtitel-Kapuzinerzipfel-1024x400_ohne-Datum-150x44.jpg 150w\" sizes=\"auto, (max-width: 1024px) 100vw, 1024px\" \/><\/figure>\n\n\n<div class=\"wp-block-image\">\n<figure class=\"alignright size-thumbnail\"><a href=\"http:\/\/rcszo.ch\/wordpress\/wp-content\/uploads\/2024\/12\/Kapuzinerzipfel-Regatta.jpg\"><img loading=\"lazy\" decoding=\"async\" width=\"150\" height=\"150\" src=\"http:\/\/rcszo.ch\/wordpress\/wp-content\/uploads\/2024\/12\/Kapuzinerzipfel-Regatta-150x150.jpg\" alt=\"\" class=\"wp-image-5654\"\/><\/a><\/figure>\n<\/div>\n\n\n<p>Der RCSZO wird die 3<strong>. Kapuzinerzipfel Regatta<\/strong> in Rapperswil SG 2027 organisieren, f\u00fcr alle Bootsklassen die mit Wind Vortrieb finden.<br>Es geht, je nach Windst\u00e4rke um sportlich, gem\u00fctliches segeln und spazieren. Wie der Name schon sagt, es wird um den Kapuzinerzipfel in Rappi gesegelt. Heisst also, es werden pro Lauf etwas mehr als 550m Distanz, auf gutem Kiesweg, zum mitgehen sein.<br><\/p>\n\n\n\n<p><strong>Ausschreibung Kapuzinerzipfel-Regatta<\/strong> <em>(folgt Ende 2026)<\/em><\/p>\n\n\n\n<p><br><strong>Weitere wichtige Informationen:<\/strong><br><em>Zufahrt Rennplatz<\/em> &#8211; Die Zufahrt zum Curtiplatz zum Entladen resp. Aufladen der Modell-Segelboote ist im angegebenen Zeitraum gew\u00e4hrleistet. Fahrzeuge d\u00fcrfen nur zum Entladen resp. Aufladen vor\u00fcbergehend abgestellt werden. Zufahrtberechtigt sind Fahrzeuge mit g\u00fcltiger personalisierter Zufahrtskarte. Illegales Parken wird vom Polizeidienst geb\u00fcst.<br><br><strong>!! Nur wer diese Karte beim Veranstalter anfordert, hat Berechtigung zum Rennplatz zu fahren. !!<\/strong><br><br>In und um die Altstadt gibt es einige Parkh\u00e4user<br>Aus diesen ist der Rennplatz zu Fuss gut erreichbar:<br>Seeparkhaus 250m 3min<br>City-Parkhaus 350m 5min<br>Schanz-Parkaus 500m 6min<br>Bahnhofparkplatz 600m 8min<br>Sonnenhof 700m 10min<\/p>\n\n\n<div class=\"wp-block-image\">\n<figure class=\"alignright size-thumbnail\"><img loading=\"lazy\" decoding=\"async\" width=\"150\" height=\"150\" src=\"http:\/\/rcszo.ch\/wordpress\/wp-content\/uploads\/2024\/12\/Roestbar-Bus_mit-Logo-150x150.jpg\" alt=\"\" class=\"wp-image-5655\"\/><\/figure>\n<\/div>\n\n\n<p><br><strong>R\u00d6STBAR<\/strong> \u2013 <em><strong>die Kaffeemanufaktur in \u00dcetikon am See<br>wird mit ihrem Kaufswagen vor Ort sein und f\u00fcr uns warmen Kaffe anbieten.<\/strong><\/em><br><br><br><\/p>\n","protected":false},"excerpt":{"rendered":"<p>Der RCSZO wird die 3. Kapuzinerzipfel Regatta in Rapperswil SG 2027 organisieren, f\u00fcr alle Bootsklassen die mit Wind Vortrieb finden.Es geht, je nach Windst\u00e4rke um sportlich, gem\u00fctliches segeln und spazieren. Wie der Name schon sagt,\u2026 <a class=\"continue-reading-link\" href=\"http:\/\/rcszo.ch\/wordpress\/kapuzinerzipfel-regatta\/\">mehr &gt;&gt;<\/a><\/p>\n","protected":false},"author":2,"featured_media":0,"parent":0,"menu_order":0,"comment_status":"closed","ping_status":"closed","template":"","meta":{"ngg_post_thumbnail":0,"footnotes":""},"class_list":["post-5667","page","type-page","status-publish","hentry"],"_links":{"self":[{"href":"http:\/\/rcszo.ch\/wordpress\/wp-json\/wp\/v2\/pages\/5667","targetHints":{"allow":["GET"]}}],"collection":[{"href":"http:\/\/rcszo.ch\/wordpress\/wp-json\/wp\/v2\/pages"}],"about":[{"href":"http:\/\/rcszo.ch\/wordpress\/wp-json\/wp\/v2\/types\/page"}],"author":[{"embeddable":true,"href":"http:\/\/rcszo.ch\/wordpress\/wp-json\/wp\/v2\/users\/2"}],"replies":[{"embeddable":true,"href":"http:\/\/rcszo.ch\/wordpress\/wp-json\/wp\/v2\/comments?post=5667"}],"version-history":[{"count":58,"href":"http:\/\/rcszo.ch\/wordpress\/wp-json\/wp\/v2\/pages\/5667\/revisions"}],"predecessor-version":[{"id":6463,"href":"http:\/\/rcszo.ch\/wordpress\/wp-json\/wp\/v2\/pages\/5667\/revisions\/6463"}],"wp:attachment":[{"href":"http:\/\/rcszo.ch\/wordpress\/wp-json\/wp\/v2\/media?parent=5667"}],"curies":[{"name":"wp","href":"https:\/\/api.w.org\/{rel}","templated":true}]}}