{"id":42,"date":"2017-11-07T17:45:19","date_gmt":"2017-11-07T17:45:19","guid":{"rendered":"http:\/\/rcszo.ch\/wordpress\/?page_id=42"},"modified":"2025-11-22T20:24:22","modified_gmt":"2025-11-22T20:24:22","slug":"gruppe","status":"publish","type":"page","link":"http:\/\/rcszo.ch\/wordpress\/gruppe\/","title":{"rendered":"Verein"},"content":{"rendered":"<p>Wir sind ein Verein f\u00fcr begeisterterte Modellyacht-Segler aus dem Raum Z\u00fcrich- &amp; Obersee.<br \/>Wir organisieren von Anfangs Mai bis Ende August, jeweils 1x pro Monat ein <a href=\"http:\/\/rcszo.ch\/wordpress\/?event-categories=segeltreff\">Segeltreff<\/a> an einem unserem Stammrevier. In den Wintermonaten gibt es jede Woche Freitags einen Seglerh\u00f6ck.<\/p>\n<p>&#8211; Wir treffen uns auch spontan wenn es Wind hat an versch. Orten zum segeln.<br \/>&#8211; Nehmen an Regattas teil.<br \/>&#8211; Treffen uns am Segeltreff oder Seglerh\u00f6ck.<\/p>\n<p>Wir freuen uns sehr, wenn sich m\u00f6glichst viele Gleichgesinnte unserem Verein anschliessen. Auf diese Art und Weise k\u00f6nnen wir unserem geliebten Hobby mit besseren Strukturen und besser abgesichertem Risiko weiterhin mit vollem Elan fr\u00f6nen. Zudem verteilen sich die Aufgaben und Verantwortlichkeiten auf mehrere Personen. Das Risiko, dass die bestehende Gruppe pl\u00f6tzlich auseinanderf\u00e4llt, nur weil diejenige Person, welche bis anhin alles in alleiniger Regie durchgezogen hat und pl\u00f6tzlich nicht mehr bereit ist, sich weiterhin so zu engagieren, wird dadurch stark reduziert. Vorschl\u00e4ge, Ideen, Ziele, gemeinsame Aktivit\u00e4ten und allf\u00e4llige Erweiterungen k\u00f6nnen in dieser Form besser und klarer umgesetzt werden. Nach unseren Meinungen entstehen durch diese Umstrukturierung etliche Vorteile. Wir sind voll motiviert mit Euch zusammen die RC Seglerszene auf dem Z\u00fcrichsee in allen Bereichen durch eine offene, kameradschaftliche und tolerante Vorgehensweise weiter zu bringen.<\/p>\n\n\n<figure class=\"wp-block-gallery has-nested-images columns-default is-cropped wp-block-gallery-1 is-layout-flex wp-block-gallery-is-layout-flex\">\n<figure class=\"wp-block-image size-large\"><img loading=\"lazy\" decoding=\"async\" width=\"1024\" height=\"576\" data-id=\"2248\" src=\"http:\/\/rcszo.ch\/wordpress\/wp-content\/uploads\/2019\/09\/WhatsApp-Image-2019-09-21-at-17.50.42-1-1024x576.jpeg\" alt=\"\" class=\"wp-image-2248\" srcset=\"http:\/\/rcszo.ch\/wordpress\/wp-content\/uploads\/2019\/09\/WhatsApp-Image-2019-09-21-at-17.50.42-1-1024x576.jpeg 1024w, http:\/\/rcszo.ch\/wordpress\/wp-content\/uploads\/2019\/09\/WhatsApp-Image-2019-09-21-at-17.50.42-1-600x338.jpeg 600w, http:\/\/rcszo.ch\/wordpress\/wp-content\/uploads\/2019\/09\/WhatsApp-Image-2019-09-21-at-17.50.42-1-300x169.jpeg 300w, http:\/\/rcszo.ch\/wordpress\/wp-content\/uploads\/2019\/09\/WhatsApp-Image-2019-09-21-at-17.50.42-1-768x432.jpeg 768w, http:\/\/rcszo.ch\/wordpress\/wp-content\/uploads\/2019\/09\/WhatsApp-Image-2019-09-21-at-17.50.42-1-622x350.jpeg 622w, http:\/\/rcszo.ch\/wordpress\/wp-content\/uploads\/2019\/09\/WhatsApp-Image-2019-09-21-at-17.50.42-1-150x84.jpeg 150w, http:\/\/rcszo.ch\/wordpress\/wp-content\/uploads\/2019\/09\/WhatsApp-Image-2019-09-21-at-17.50.42-1.jpeg 1632w\" sizes=\"auto, (max-width: 1024px) 100vw, 1024px\" \/><\/figure>\n\n\n\n<figure class=\"wp-block-image size-large\"><img loading=\"lazy\" decoding=\"async\" width=\"1024\" height=\"683\" data-id=\"2869\" src=\"http:\/\/rcszo.ch\/wordpress\/wp-content\/uploads\/2020\/03\/DSC_0197-1024x683.jpg\" alt=\"\" class=\"wp-image-2869\" srcset=\"http:\/\/rcszo.ch\/wordpress\/wp-content\/uploads\/2020\/03\/DSC_0197-1024x683.jpg 1024w, http:\/\/rcszo.ch\/wordpress\/wp-content\/uploads\/2020\/03\/DSC_0197-600x400.jpg 600w, http:\/\/rcszo.ch\/wordpress\/wp-content\/uploads\/2020\/03\/DSC_0197-300x200.jpg 300w, http:\/\/rcszo.ch\/wordpress\/wp-content\/uploads\/2020\/03\/DSC_0197-768x512.jpg 768w, http:\/\/rcszo.ch\/wordpress\/wp-content\/uploads\/2020\/03\/DSC_0197-1536x1024.jpg 1536w, http:\/\/rcszo.ch\/wordpress\/wp-content\/uploads\/2020\/03\/DSC_0197-2048x1365.jpg 2048w, http:\/\/rcszo.ch\/wordpress\/wp-content\/uploads\/2020\/03\/DSC_0197-525x350.jpg 525w, http:\/\/rcszo.ch\/wordpress\/wp-content\/uploads\/2020\/03\/DSC_0197-150x100.jpg 150w\" sizes=\"auto, (max-width: 1024px) 100vw, 1024px\" \/><\/figure>\n\n\n\n<figure class=\"wp-block-image size-large\"><img loading=\"lazy\" decoding=\"async\" width=\"1024\" height=\"302\" data-id=\"2853\" src=\"http:\/\/rcszo.ch\/wordpress\/wp-content\/uploads\/2020\/03\/beitragtitel-cup-1024x400-1.jpg\" alt=\"\" class=\"wp-image-2853\" srcset=\"http:\/\/rcszo.ch\/wordpress\/wp-content\/uploads\/2020\/03\/beitragtitel-cup-1024x400-1.jpg 1024w, http:\/\/rcszo.ch\/wordpress\/wp-content\/uploads\/2020\/03\/beitragtitel-cup-1024x400-1-600x177.jpg 600w, http:\/\/rcszo.ch\/wordpress\/wp-content\/uploads\/2020\/03\/beitragtitel-cup-1024x400-1-300x88.jpg 300w, http:\/\/rcszo.ch\/wordpress\/wp-content\/uploads\/2020\/03\/beitragtitel-cup-1024x400-1-768x227.jpg 768w, http:\/\/rcszo.ch\/wordpress\/wp-content\/uploads\/2020\/03\/beitragtitel-cup-1024x400-1-900x265.jpg 900w, http:\/\/rcszo.ch\/wordpress\/wp-content\/uploads\/2020\/03\/beitragtitel-cup-1024x400-1-150x44.jpg 150w\" sizes=\"auto, (max-width: 1024px) 100vw, 1024px\" \/><\/figure>\n\n\n\n<figure class=\"wp-block-image size-large\"><img loading=\"lazy\" decoding=\"async\" width=\"768\" height=\"1024\" data-id=\"2480\" src=\"http:\/\/rcszo.ch\/wordpress\/wp-content\/uploads\/2019\/11\/WhatsApp-Image-2019-10-13-at-17.54.251-768x1024.jpeg\" alt=\"\" class=\"wp-image-2480\" srcset=\"http:\/\/rcszo.ch\/wordpress\/wp-content\/uploads\/2019\/11\/WhatsApp-Image-2019-10-13-at-17.54.251-768x1024.jpeg 768w, http:\/\/rcszo.ch\/wordpress\/wp-content\/uploads\/2019\/11\/WhatsApp-Image-2019-10-13-at-17.54.251-600x800.jpeg 600w, http:\/\/rcszo.ch\/wordpress\/wp-content\/uploads\/2019\/11\/WhatsApp-Image-2019-10-13-at-17.54.251-225x300.jpeg 225w, http:\/\/rcszo.ch\/wordpress\/wp-content\/uploads\/2019\/11\/WhatsApp-Image-2019-10-13-at-17.54.251-263x350.jpeg 263w, http:\/\/rcszo.ch\/wordpress\/wp-content\/uploads\/2019\/11\/WhatsApp-Image-2019-10-13-at-17.54.251-113x150.jpeg 113w, http:\/\/rcszo.ch\/wordpress\/wp-content\/uploads\/2019\/11\/WhatsApp-Image-2019-10-13-at-17.54.251.jpeg 1512w\" sizes=\"auto, (max-width: 768px) 100vw, 768px\" \/><\/figure>\n\n\n\n<figure class=\"wp-block-image size-large\"><img loading=\"lazy\" decoding=\"async\" width=\"1024\" height=\"768\" data-id=\"2192\" src=\"http:\/\/rcszo.ch\/wordpress\/wp-content\/uploads\/2019\/09\/WhatsApp-Image-2019-09-07-at-17.16.56-1024x768.jpeg\" alt=\"\" class=\"wp-image-2192\" srcset=\"http:\/\/rcszo.ch\/wordpress\/wp-content\/uploads\/2019\/09\/WhatsApp-Image-2019-09-07-at-17.16.56-1024x768.jpeg 1024w, http:\/\/rcszo.ch\/wordpress\/wp-content\/uploads\/2019\/09\/WhatsApp-Image-2019-09-07-at-17.16.56-600x450.jpeg 600w, http:\/\/rcszo.ch\/wordpress\/wp-content\/uploads\/2019\/09\/WhatsApp-Image-2019-09-07-at-17.16.56-300x225.jpeg 300w, http:\/\/rcszo.ch\/wordpress\/wp-content\/uploads\/2019\/09\/WhatsApp-Image-2019-09-07-at-17.16.56-768x576.jpeg 768w, http:\/\/rcszo.ch\/wordpress\/wp-content\/uploads\/2019\/09\/WhatsApp-Image-2019-09-07-at-17.16.56-467x350.jpeg 467w, http:\/\/rcszo.ch\/wordpress\/wp-content\/uploads\/2019\/09\/WhatsApp-Image-2019-09-07-at-17.16.56-150x113.jpeg 150w, http:\/\/rcszo.ch\/wordpress\/wp-content\/uploads\/2019\/09\/WhatsApp-Image-2019-09-07-at-17.16.56.jpeg 1920w\" sizes=\"auto, (max-width: 1024px) 100vw, 1024px\" \/><\/figure>\n\n\n\n<figure class=\"wp-block-image size-large\"><img loading=\"lazy\" decoding=\"async\" width=\"1024\" height=\"768\" data-id=\"2570\" src=\"http:\/\/rcszo.ch\/wordpress\/wp-content\/uploads\/2019\/11\/IMG_20191130_150802_resized_20191130_034627896-1024x768.jpg\" alt=\"\" class=\"wp-image-2570\" srcset=\"http:\/\/rcszo.ch\/wordpress\/wp-content\/uploads\/2019\/11\/IMG_20191130_150802_resized_20191130_034627896-1024x768.jpg 1024w, http:\/\/rcszo.ch\/wordpress\/wp-content\/uploads\/2019\/11\/IMG_20191130_150802_resized_20191130_034627896-600x450.jpg 600w, http:\/\/rcszo.ch\/wordpress\/wp-content\/uploads\/2019\/11\/IMG_20191130_150802_resized_20191130_034627896-300x225.jpg 300w, http:\/\/rcszo.ch\/wordpress\/wp-content\/uploads\/2019\/11\/IMG_20191130_150802_resized_20191130_034627896-768x576.jpg 768w, http:\/\/rcszo.ch\/wordpress\/wp-content\/uploads\/2019\/11\/IMG_20191130_150802_resized_20191130_034627896-1536x1152.jpg 1536w, http:\/\/rcszo.ch\/wordpress\/wp-content\/uploads\/2019\/11\/IMG_20191130_150802_resized_20191130_034627896-467x350.jpg 467w, http:\/\/rcszo.ch\/wordpress\/wp-content\/uploads\/2019\/11\/IMG_20191130_150802_resized_20191130_034627896-150x113.jpg 150w, http:\/\/rcszo.ch\/wordpress\/wp-content\/uploads\/2019\/11\/IMG_20191130_150802_resized_20191130_034627896.jpg 1984w\" sizes=\"auto, (max-width: 1024px) 100vw, 1024px\" \/><\/figure>\n\n\n\n<figure class=\"wp-block-image size-large\"><img loading=\"lazy\" decoding=\"async\" width=\"1024\" height=\"302\" data-id=\"5090\" src=\"https:\/\/rcszo.ch\/wordpress\/wp-content\/uploads\/2023\/05\/IOM-Regatta-030623.jpg\" alt=\"\" class=\"wp-image-5090\" srcset=\"http:\/\/rcszo.ch\/wordpress\/wp-content\/uploads\/2023\/05\/IOM-Regatta-030623.jpg 1024w, http:\/\/rcszo.ch\/wordpress\/wp-content\/uploads\/2023\/05\/IOM-Regatta-030623-300x88.jpg 300w, http:\/\/rcszo.ch\/wordpress\/wp-content\/uploads\/2023\/05\/IOM-Regatta-030623-768x227.jpg 768w, http:\/\/rcszo.ch\/wordpress\/wp-content\/uploads\/2023\/05\/IOM-Regatta-030623-900x265.jpg 900w, http:\/\/rcszo.ch\/wordpress\/wp-content\/uploads\/2023\/05\/IOM-Regatta-030623-150x44.jpg 150w, http:\/\/rcszo.ch\/wordpress\/wp-content\/uploads\/2023\/05\/IOM-Regatta-030623-600x177.jpg 600w\" sizes=\"auto, (max-width: 1024px) 100vw, 1024px\" \/><\/figure>\n\n\n\n<figure class=\"wp-block-image size-large\"><img loading=\"lazy\" decoding=\"async\" width=\"1024\" height=\"302\" data-id=\"5053\" src=\"https:\/\/rcszo.ch\/wordpress\/wp-content\/uploads\/2023\/05\/swisscup-pfaeffikon.jpg\" alt=\"\" class=\"wp-image-5053\" srcset=\"http:\/\/rcszo.ch\/wordpress\/wp-content\/uploads\/2023\/05\/swisscup-pfaeffikon.jpg 1024w, http:\/\/rcszo.ch\/wordpress\/wp-content\/uploads\/2023\/05\/swisscup-pfaeffikon-300x88.jpg 300w, http:\/\/rcszo.ch\/wordpress\/wp-content\/uploads\/2023\/05\/swisscup-pfaeffikon-768x227.jpg 768w, http:\/\/rcszo.ch\/wordpress\/wp-content\/uploads\/2023\/05\/swisscup-pfaeffikon-900x265.jpg 900w, http:\/\/rcszo.ch\/wordpress\/wp-content\/uploads\/2023\/05\/swisscup-pfaeffikon-150x44.jpg 150w, http:\/\/rcszo.ch\/wordpress\/wp-content\/uploads\/2023\/05\/swisscup-pfaeffikon-600x177.jpg 600w\" sizes=\"auto, (max-width: 1024px) 100vw, 1024px\" \/><\/figure>\n\n\n\n<figure class=\"wp-block-image size-large\"><img loading=\"lazy\" decoding=\"async\" width=\"1024\" height=\"302\" data-id=\"4811\" src=\"https:\/\/rcszo.ch\/wordpress\/wp-content\/uploads\/2022\/10\/beitragtitel-swisscup-1024x400-1.jpg\" alt=\"\" class=\"wp-image-4811\" srcset=\"http:\/\/rcszo.ch\/wordpress\/wp-content\/uploads\/2022\/10\/beitragtitel-swisscup-1024x400-1.jpg 1024w, http:\/\/rcszo.ch\/wordpress\/wp-content\/uploads\/2022\/10\/beitragtitel-swisscup-1024x400-1-300x88.jpg 300w, http:\/\/rcszo.ch\/wordpress\/wp-content\/uploads\/2022\/10\/beitragtitel-swisscup-1024x400-1-768x227.jpg 768w, http:\/\/rcszo.ch\/wordpress\/wp-content\/uploads\/2022\/10\/beitragtitel-swisscup-1024x400-1-900x265.jpg 900w, http:\/\/rcszo.ch\/wordpress\/wp-content\/uploads\/2022\/10\/beitragtitel-swisscup-1024x400-1-150x44.jpg 150w, http:\/\/rcszo.ch\/wordpress\/wp-content\/uploads\/2022\/10\/beitragtitel-swisscup-1024x400-1-600x177.jpg 600w\" sizes=\"auto, (max-width: 1024px) 100vw, 1024px\" \/><\/figure>\n\n\n\n<figure class=\"wp-block-image size-large\"><img loading=\"lazy\" decoding=\"async\" width=\"768\" height=\"1024\" data-id=\"3813\" src=\"https:\/\/rcszo.ch\/wordpress\/wp-content\/uploads\/2021\/04\/IMG_20210411_102028_resized_20210411_052947131-768x1024.jpg\" alt=\"\" class=\"wp-image-3813\" srcset=\"http:\/\/rcszo.ch\/wordpress\/wp-content\/uploads\/2021\/04\/IMG_20210411_102028_resized_20210411_052947131-768x1024.jpg 768w, http:\/\/rcszo.ch\/wordpress\/wp-content\/uploads\/2021\/04\/IMG_20210411_102028_resized_20210411_052947131-600x800.jpg 600w, http:\/\/rcszo.ch\/wordpress\/wp-content\/uploads\/2021\/04\/IMG_20210411_102028_resized_20210411_052947131-225x300.jpg 225w, http:\/\/rcszo.ch\/wordpress\/wp-content\/uploads\/2021\/04\/IMG_20210411_102028_resized_20210411_052947131-1152x1536.jpg 1152w, http:\/\/rcszo.ch\/wordpress\/wp-content\/uploads\/2021\/04\/IMG_20210411_102028_resized_20210411_052947131-1536x2048.jpg 1536w, http:\/\/rcszo.ch\/wordpress\/wp-content\/uploads\/2021\/04\/IMG_20210411_102028_resized_20210411_052947131-263x350.jpg 263w, http:\/\/rcszo.ch\/wordpress\/wp-content\/uploads\/2021\/04\/IMG_20210411_102028_resized_20210411_052947131-113x150.jpg 113w, http:\/\/rcszo.ch\/wordpress\/wp-content\/uploads\/2021\/04\/IMG_20210411_102028_resized_20210411_052947131.jpg 1920w\" sizes=\"auto, (max-width: 768px) 100vw, 768px\" \/><\/figure>\n\n\n\n<figure class=\"wp-block-image size-large\"><img loading=\"lazy\" decoding=\"async\" width=\"528\" height=\"960\" data-id=\"3500\" src=\"https:\/\/rcszo.ch\/wordpress\/wp-content\/uploads\/2020\/10\/121725679_957265368091806_8254707045075592585_n.jpg\" alt=\"\" class=\"wp-image-3500\" srcset=\"http:\/\/rcszo.ch\/wordpress\/wp-content\/uploads\/2020\/10\/121725679_957265368091806_8254707045075592585_n.jpg 528w, http:\/\/rcszo.ch\/wordpress\/wp-content\/uploads\/2020\/10\/121725679_957265368091806_8254707045075592585_n-165x300.jpg 165w, http:\/\/rcszo.ch\/wordpress\/wp-content\/uploads\/2020\/10\/121725679_957265368091806_8254707045075592585_n-193x350.jpg 193w, http:\/\/rcszo.ch\/wordpress\/wp-content\/uploads\/2020\/10\/121725679_957265368091806_8254707045075592585_n-83x150.jpg 83w\" sizes=\"auto, (max-width: 528px) 100vw, 528px\" \/><\/figure>\n<\/figure>\n","protected":false},"excerpt":{"rendered":"<p>Wir sind ein Verein f\u00fcr begeisterterte Modellyacht-Segler aus dem Raum Z\u00fcrich- &amp; Obersee.Wir organisieren von Anfangs Mai bis Ende August, jeweils 1x pro Monat ein Segeltreff an einem unserem Stammrevier. In den Wintermonaten gibt es\u2026 <a class=\"continue-reading-link\" href=\"http:\/\/rcszo.ch\/wordpress\/gruppe\/\">mehr &gt;&gt;<\/a><\/p>\n","protected":false},"author":2,"featured_media":0,"parent":0,"menu_order":0,"comment_status":"closed","ping_status":"closed","template":"","meta":{"ngg_post_thumbnail":0,"footnotes":""},"class_list":["post-42","page","type-page","status-publish","hentry"],"_links":{"self":[{"href":"http:\/\/rcszo.ch\/wordpress\/wp-json\/wp\/v2\/pages\/42","targetHints":{"allow":["GET"]}}],"collection":[{"href":"http:\/\/rcszo.ch\/wordpress\/wp-json\/wp\/v2\/pages"}],"about":[{"href":"http:\/\/rcszo.ch\/wordpress\/wp-json\/wp\/v2\/types\/page"}],"author":[{"embeddable":true,"href":"http:\/\/rcszo.ch\/wordpress\/wp-json\/wp\/v2\/users\/2"}],"replies":[{"embeddable":true,"href":"http:\/\/rcszo.ch\/wordpress\/wp-json\/wp\/v2\/comments?post=42"}],"version-history":[{"count":11,"href":"http:\/\/rcszo.ch\/wordpress\/wp-json\/wp\/v2\/pages\/42\/revisions"}],"predecessor-version":[{"id":6254,"href":"http:\/\/rcszo.ch\/wordpress\/wp-json\/wp\/v2\/pages\/42\/revisions\/6254"}],"wp:attachment":[{"href":"http:\/\/rcszo.ch\/wordpress\/wp-json\/wp\/v2\/media?parent=42"}],"curies":[{"name":"wp","href":"https:\/\/api.w.org\/{rel}","templated":true}]}}