{"id":3122,"date":"2020-06-08T13:57:09","date_gmt":"2020-06-08T13:57:09","guid":{"rendered":"http:\/\/rcszo.ch\/wordpress\/?page_id=3122"},"modified":"2020-06-08T14:46:05","modified_gmt":"2020-06-08T14:46:05","slug":"io-schweizermeisterschaft-df65-df95-2020","status":"publish","type":"page","link":"http:\/\/rcszo.ch\/wordpress\/io-schweizermeisterschaft-df65-df95-2020\/","title":{"rendered":"io. Schweizermeisterschaft DF65 &#038; DF95 2020"},"content":{"rendered":"\n<p>Die Klassen DF65 und DF95 findet nach wie vor zunehmende Verbreitung in der Schweiz. Das Regattieren mit diesen OneDesign Modellbooten offenbart die F\u00e4higkeiten eines jeden (Finger-)Seglers. Spass und Herausforderung zugleich!<br>Der <strong>VRC du Rosel<\/strong> &amp; <strong><em>RCSZO<\/em><\/strong> organisieren, die io.Schweizermeisterschaften der beiden Klassen DF65 &amp; DF95 am Lac du Rosel im sch\u00f6nen Wallis.<br>Es wird am Samstag DF65 und am Sonntag DF95 jeweils der neue io.Schweizermeister ausgefahren.<\/p>\n\n\n\n<p><b><a href=\"http:\/\/rcszo.ch\/wordpress\/events\/4-io-schweizer-meisterschaft-dragonforce-65-2\/\">Sa. 3. Okt. 2020 die 4. io.Schweizer Meisterschaft der DragonForce 65.<\/a><br><a href=\"http:\/\/rcszo.ch\/wordpress\/events\/2-io-schweizer-meisterschaft-dragonflite-95\/\">So. 4. Okt 2020 die 2. io.Schweizer Meisterschaft der DragonFlite 95.<\/a><\/b><\/p>\n\n\n\n<p>Es gibt die M\u00f6glichkeit das Wohnmobil vor Ort zu parkieren. In Martigny gibt es einen TCS Campingplatz oder nat\u00fcrlich verschiedene Hotels in der N\u00e4he. Die Verpflegung kommt auch nicht zu kurz: Grillgerichte \/ Salat zum Mittagessen, Aperitifs und viel gute Laune!<\/p>\n\n\n\n<p>Wir als Veranstalter hoffen, dass viele Begeisterte den Weg an den sch\u00f6nen Lac du Rosel, im Wallis, antreten und den amtierenden DF65 Meister, Oli Spiess SUI46 und Phil Tyler SUI42 der DF95, jagen und versuchen ihre erneuten Titel zu verhindern.<\/p>\n\n\n\n<p>Bis bald am Lac du Rosel<br>Beste Seglergr\u00fcsse<br>VCR du Rosel &amp; RCSZO<\/p>\n\n\n\n<p><strong><a href=\"http:\/\/rcszo.ch\/wordpress\/wp-content\/uploads\/2020\/06\/4.iSM-DF65-Ausschreibung.pdf\">Ausschreibung iSM DF65<\/a><\/strong> <em>(PDF Datei)<\/em><br><strong><a href=\"http:\/\/rcszo.ch\/wordpress\/wp-content\/uploads\/2020\/06\/2.iSM-DF95-Ausschreibung.pdf\">Ausschreibung iSM DF95<\/a><\/strong> <em>(PDF Datei)<\/em><\/p>\n\n\n\n<div class=\"wp-block-group\"><div class=\"wp-block-group__inner-container is-layout-flow wp-block-group-is-layout-flow\">\n<figure class=\"wp-block-gallery columns-2 is-cropped\"><ul class=\"blocks-gallery-grid\"><li class=\"blocks-gallery-item\"><figure><a href=\"http:\/\/rcszo.ch\/wordpress\/events\/4-io-schweizer-meisterschaft-dragonforce-65-2\/\"><img loading=\"lazy\" decoding=\"async\" width=\"660\" height=\"960\" src=\"http:\/\/rcszo.ch\/wordpress\/wp-content\/uploads\/2020\/06\/DF65_Schweizermeisterschaft_Flyer_2020.jpg\" alt=\"\" data-id=\"3123\" class=\"wp-image-3123\" srcset=\"http:\/\/rcszo.ch\/wordpress\/wp-content\/uploads\/2020\/06\/DF65_Schweizermeisterschaft_Flyer_2020.jpg 660w, http:\/\/rcszo.ch\/wordpress\/wp-content\/uploads\/2020\/06\/DF65_Schweizermeisterschaft_Flyer_2020-600x873.jpg 600w, http:\/\/rcszo.ch\/wordpress\/wp-content\/uploads\/2020\/06\/DF65_Schweizermeisterschaft_Flyer_2020-206x300.jpg 206w, http:\/\/rcszo.ch\/wordpress\/wp-content\/uploads\/2020\/06\/DF65_Schweizermeisterschaft_Flyer_2020-241x350.jpg 241w, http:\/\/rcszo.ch\/wordpress\/wp-content\/uploads\/2020\/06\/DF65_Schweizermeisterschaft_Flyer_2020-103x150.jpg 103w\" sizes=\"auto, (max-width: 660px) 100vw, 660px\" \/><\/a><\/figure><\/li><li class=\"blocks-gallery-item\"><figure><a href=\"http:\/\/rcszo.ch\/wordpress\/events\/2-io-schweizer-meisterschaft-dragonflite-95\/\"><img loading=\"lazy\" decoding=\"async\" width=\"660\" height=\"960\" src=\"http:\/\/rcszo.ch\/wordpress\/wp-content\/uploads\/2020\/06\/DF95_Schweizermeisterschaft_Flyer_2020-1.jpg\" alt=\"\" data-id=\"3125\" data-full-url=\"http:\/\/rcszo.ch\/wordpress\/wp-content\/uploads\/2020\/06\/DF95_Schweizermeisterschaft_Flyer_2020-1.jpg\" data-link=\"http:\/\/rcszo.ch\/wordpress\/?attachment_id=3125\" class=\"wp-image-3125\" srcset=\"http:\/\/rcszo.ch\/wordpress\/wp-content\/uploads\/2020\/06\/DF95_Schweizermeisterschaft_Flyer_2020-1.jpg 660w, http:\/\/rcszo.ch\/wordpress\/wp-content\/uploads\/2020\/06\/DF95_Schweizermeisterschaft_Flyer_2020-1-600x873.jpg 600w, http:\/\/rcszo.ch\/wordpress\/wp-content\/uploads\/2020\/06\/DF95_Schweizermeisterschaft_Flyer_2020-1-206x300.jpg 206w, http:\/\/rcszo.ch\/wordpress\/wp-content\/uploads\/2020\/06\/DF95_Schweizermeisterschaft_Flyer_2020-1-241x350.jpg 241w, http:\/\/rcszo.ch\/wordpress\/wp-content\/uploads\/2020\/06\/DF95_Schweizermeisterschaft_Flyer_2020-1-103x150.jpg 103w\" sizes=\"auto, (max-width: 660px) 100vw, 660px\" \/><\/a><\/figure><\/li><\/ul><\/figure>\n<\/div><\/div>\n\n\n","protected":false},"excerpt":{"rendered":"<p>Die Klassen DF65 und DF95 findet nach wie vor zunehmende Verbreitung in der Schweiz. Das Regattieren mit diesen OneDesign Modellbooten offenbart die F\u00e4higkeiten eines jeden (Finger-)Seglers. Spass und Herausforderung zugleich!Der VRC du Rosel &amp; RCSZO\u2026 <a class=\"continue-reading-link\" href=\"http:\/\/rcszo.ch\/wordpress\/io-schweizermeisterschaft-df65-df95-2020\/\">mehr &gt;&gt;<\/a><\/p>\n","protected":false},"author":2,"featured_media":0,"parent":0,"menu_order":0,"comment_status":"closed","ping_status":"closed","template":"","meta":{"ngg_post_thumbnail":0,"footnotes":""},"class_list":["post-3122","page","type-page","status-publish","hentry"],"_links":{"self":[{"href":"http:\/\/rcszo.ch\/wordpress\/wp-json\/wp\/v2\/pages\/3122","targetHints":{"allow":["GET"]}}],"collection":[{"href":"http:\/\/rcszo.ch\/wordpress\/wp-json\/wp\/v2\/pages"}],"about":[{"href":"http:\/\/rcszo.ch\/wordpress\/wp-json\/wp\/v2\/types\/page"}],"author":[{"embeddable":true,"href":"http:\/\/rcszo.ch\/wordpress\/wp-json\/wp\/v2\/users\/2"}],"replies":[{"embeddable":true,"href":"http:\/\/rcszo.ch\/wordpress\/wp-json\/wp\/v2\/comments?post=3122"}],"version-history":[{"count":9,"href":"http:\/\/rcszo.ch\/wordpress\/wp-json\/wp\/v2\/pages\/3122\/revisions"}],"predecessor-version":[{"id":3140,"href":"http:\/\/rcszo.ch\/wordpress\/wp-json\/wp\/v2\/pages\/3122\/revisions\/3140"}],"wp:attachment":[{"href":"http:\/\/rcszo.ch\/wordpress\/wp-json\/wp\/v2\/media?parent=3122"}],"curies":[{"name":"wp","href":"https:\/\/api.w.org\/{rel}","templated":true}]}}